{"id":723,"date":"2024-10-20T20:11:44","date_gmt":"2024-10-20T18:11:44","guid":{"rendered":"https:\/\/witchbubble.com\/?post_type=product&#038;p=723"},"modified":"2024-10-20T20:11:45","modified_gmt":"2024-10-20T18:11:45","slug":"pot-en-forme-de-crane-humain-couleur-os","status":"publish","type":"product","link":"https:\/\/witchbubble.com\/index.php\/produit\/pot-en-forme-de-crane-humain-couleur-os\/","title":{"rendered":"Pot en forme de cr\u00e2ne humain (couleur os)"},"content":{"rendered":"<p><span data-sheets-root=\"1\">Pot Jardini\u00e8re ou pot \u00e0 sucreries en forme de cr\u00e2ne humain.<\/span><\/p>\n<p><span data-sheets-root=\"1\">Couleur: os<br \/>\nMat\u00e9riel: R\u00e9sine<br \/>\n<\/span><span data-sheets-root=\"1\">Dimensions: 15,7 x 10.7 x 10 (L x l x h)<\/span><\/p>\n<p>Utilisation possible en int\u00e9rieur et en ext\u00e9rieur.<\/p>\n","protected":false},"excerpt":{"rendered":"<p><span data-sheets-root=\"1\">Pot Jardini\u00e8re ou pot \u00e0 sucreries en forme de cr\u00e2ne humain couleur os.<\/span><\/p>\n","protected":false},"featured_media":724,"comment_status":"closed","ping_status":"closed","template":"","meta":[],"product_brand":[],"product_cat":[34,35,36],"product_tag":[81,78,83,84,89,86,88,87,85,82],"class_list":{"0":"post-723","1":"product","2":"type-product","3":"status-publish","4":"has-post-thumbnail","6":"product_cat-decoration","7":"product_cat-pour-l-exterieur","8":"product_cat-pour-la-maison","9":"product_tag-crane","10":"product_tag-decoration","11":"product_tag-halloween","12":"product_tag-humain","13":"product_tag-jardiniere","14":"product_tag-magie","15":"product_tag-pot","16":"product_tag-reproduction","17":"product_tag-rite","18":"product_tag-rituel","19":"it-has-gallery","21":"first","22":"instock","23":"shipping-taxable","24":"purchasable","25":"product-type-simple"},"jetpack_sharing_enabled":true,"_links":{"self":[{"href":"https:\/\/witchbubble.com\/index.php\/wp-json\/wp\/v2\/product\/723","targetHints":{"allow":["GET"]}}],"collection":[{"href":"https:\/\/witchbubble.com\/index.php\/wp-json\/wp\/v2\/product"}],"about":[{"href":"https:\/\/witchbubble.com\/index.php\/wp-json\/wp\/v2\/types\/product"}],"replies":[{"embeddable":true,"href":"https:\/\/witchbubble.com\/index.php\/wp-json\/wp\/v2\/comments?post=723"}],"wp:featuredmedia":[{"embeddable":true,"href":"https:\/\/witchbubble.com\/index.php\/wp-json\/wp\/v2\/media\/724"}],"wp:attachment":[{"href":"https:\/\/witchbubble.com\/index.php\/wp-json\/wp\/v2\/media?parent=723"}],"wp:term":[{"taxonomy":"product_brand","embeddable":true,"href":"https:\/\/witchbubble.com\/index.php\/wp-json\/wp\/v2\/product_brand?post=723"},{"taxonomy":"product_cat","embeddable":true,"href":"https:\/\/witchbubble.com\/index.php\/wp-json\/wp\/v2\/product_cat?post=723"},{"taxonomy":"product_tag","embeddable":true,"href":"https:\/\/witchbubble.com\/index.php\/wp-json\/wp\/v2\/product_tag?post=723"}],"curies":[{"name":"wp","href":"https:\/\/api.w.org\/{rel}","templated":true}]}}