{"id":712,"date":"2024-10-20T20:07:18","date_gmt":"2024-10-20T18:07:18","guid":{"rendered":"https:\/\/witchbubble.com\/?post_type=product&#038;p=712"},"modified":"2024-10-20T20:07:19","modified_gmt":"2024-10-20T18:07:19","slug":"poupee-vaudou-bruleur-dencens-modele-debout","status":"publish","type":"product","link":"https:\/\/witchbubble.com\/index.php\/produit\/poupee-vaudou-bruleur-dencens-modele-debout\/","title":{"rendered":"Poup\u00e9e vaudou bruleur d&rsquo;encens (Mod\u00e8le debout)"},"content":{"rendered":"<p>Un bruleur d&rsquo;encens fun, en forme de poup\u00e9e vaudou, pour agr\u00e9menter votre d\u00e9coration.<br \/>\nPermet de faire consumer des cones d&rsquo;encens pour parfumer\/purifier votre int\u00e9rieur.<br \/>\nEncensoir en r\u00e9sine.<\/p>\n<p>Une baie accueillant le cone d&rsquo;encens se situe \u00e0 l&rsquo;arri\u00e8re de la poup\u00e9e vaudou, tandis que la fum\u00e9e lui sortira par les yeux.<\/p>\n<p>Largeur: +-7.5cm<br \/>\nHauteur: +-10.5cm<br \/>\nProfondeur: +-5cm<\/p>\n","protected":false},"excerpt":{"rendered":"<p>Bruleur d&rsquo;encens en forme de poup\u00e9e vaudou (Mod\u00e8le debout).<\/p>\n","protected":false},"featured_media":715,"comment_status":"closed","ping_status":"closed","template":"","meta":[],"product_brand":[],"product_cat":[34,36,37],"product_tag":[75,76,78,77,79,65,80],"class_list":{"0":"post-712","1":"product","2":"type-product","3":"status-publish","4":"has-post-thumbnail","6":"product_cat-decoration","7":"product_cat-pour-la-maison","8":"product_cat-purification","9":"product_tag-bibelot","10":"product_tag-bruleur","11":"product_tag-decoration","12":"product_tag-encens","13":"product_tag-poupee","14":"product_tag-purification","15":"product_tag-vaudou","16":"it-has-gallery","18":"first","19":"instock","20":"shipping-taxable","21":"purchasable","22":"product-type-simple"},"jetpack_sharing_enabled":true,"_links":{"self":[{"href":"https:\/\/witchbubble.com\/index.php\/wp-json\/wp\/v2\/product\/712","targetHints":{"allow":["GET"]}}],"collection":[{"href":"https:\/\/witchbubble.com\/index.php\/wp-json\/wp\/v2\/product"}],"about":[{"href":"https:\/\/witchbubble.com\/index.php\/wp-json\/wp\/v2\/types\/product"}],"replies":[{"embeddable":true,"href":"https:\/\/witchbubble.com\/index.php\/wp-json\/wp\/v2\/comments?post=712"}],"wp:featuredmedia":[{"embeddable":true,"href":"https:\/\/witchbubble.com\/index.php\/wp-json\/wp\/v2\/media\/715"}],"wp:attachment":[{"href":"https:\/\/witchbubble.com\/index.php\/wp-json\/wp\/v2\/media?parent=712"}],"wp:term":[{"taxonomy":"product_brand","embeddable":true,"href":"https:\/\/witchbubble.com\/index.php\/wp-json\/wp\/v2\/product_brand?post=712"},{"taxonomy":"product_cat","embeddable":true,"href":"https:\/\/witchbubble.com\/index.php\/wp-json\/wp\/v2\/product_cat?post=712"},{"taxonomy":"product_tag","embeddable":true,"href":"https:\/\/witchbubble.com\/index.php\/wp-json\/wp\/v2\/product_tag?post=712"}],"curies":[{"name":"wp","href":"https:\/\/api.w.org\/{rel}","templated":true}]}}