{"id":703,"date":"2024-08-17T09:53:05","date_gmt":"2024-08-17T07:53:05","guid":{"rendered":"https:\/\/witchbubble.com\/?post_type=product&#038;p=703"},"modified":"2024-08-17T10:23:07","modified_gmt":"2024-08-17T08:23:07","slug":"bracelet-triple-protection","status":"publish","type":"product","link":"https:\/\/witchbubble.com\/index.php\/produit\/bracelet-triple-protection\/","title":{"rendered":"Bracelet Triple Protection (Tourmaline Noire, Obsidienne Dor\u00e9e, Agate Noire) 6mm"},"content":{"rendered":"<p>Bracelet en pierres naturelle de Tourmaline noire, Obsidienne dor\u00e9e et Agate noire (perles de 6mm de diam\u00e8tre).<\/p>\n<p>Les perles rondes de 6mm de diam\u00e8tre sont mont\u00e9es sur un fil \u00e9lastique qui \u00e9pousera au mieux votre poignet.<br \/>\nAttention que le fil \u00e9lastique n&rsquo;est pas \u00e9tirable \u00e0 volont\u00e9 et a un point de rupture assez rapide (max 1cm \u00e0 1,5cm d&rsquo;\u00e9tirement)<\/p>\n<h3>PROPRI\u00c9T\u00c9S ET VERTUS<\/h3>\n<h4><strong>Tourmaline Noire<\/strong><\/h4>\n<ul>\n<li>Protection \u00e9nerg\u00e9tique : Bouclier contre les \u00e9nergies n\u00e9gatives et influences n\u00e9fastes.<\/li>\n<li>Ancrage : Stabilise et recentre, particuli\u00e8rement en p\u00e9riode de stress.<\/li>\n<li>Purification : Absorbe les \u00e9nergies n\u00e9gatives et les transforme en \u00e9nergies positives.<\/li>\n<li>Stabilit\u00e9 \u00e9motionnelle : R\u00e9duit le stress, l&rsquo;anxi\u00e9t\u00e9 et apporte clart\u00e9 mentale.<\/li>\n<\/ul>\n<h4><strong>Obsidienne Dor\u00e9e<\/strong><\/h4>\n<ul>\n<li>R\u00e9v\u00e9lation de soi : Favorise l&rsquo;introspection et la d\u00e9couverte des aspects cach\u00e9s de soi.<\/li>\n<li>Protection spirituelle : Prot\u00e8ge contre les influences spirituelles n\u00e9gatives.<\/li>\n<li>\u00c9nergie puissante : Stimule la volont\u00e9, la concentration et aide \u00e0 lever les blocages \u00e9nerg\u00e9tiques.<\/li>\n<li>Gu\u00e9rison \u00e9motionnelle : Aide \u00e0 lib\u00e9rer les \u00e9motions refoul\u00e9es et \u00e0 gu\u00e9rir les traumatismes pass\u00e9s.<\/li>\n<\/ul>\n<h4><strong>Agate Noire<\/strong><\/h4>\n<ul>\n<li>\u00c9quilibre et stabilit\u00e9 : Favorise l&rsquo;\u00e9quilibre \u00e9motionnel, mental et physique.<\/li>\n<li>Protection : \u00c9loigne les \u00e9nergies n\u00e9gatives et prot\u00e8ge contre les dangers.<\/li>\n<li>Confiance en soi : Renforce la confiance en soi, aidant \u00e0 surmonter les peurs et les doutes.<\/li>\n<li>Apaisement : Calme les \u00e9motions fortes et favorise un \u00e9tat de s\u00e9r\u00e9nit\u00e9.<\/li>\n<\/ul>\n<p>En r\u00e9sum\u00e9, ces trois pierres offrent des protections puissantes, tout en apportant des bienfaits sp\u00e9cifiques comme l&rsquo;introspection (obsidienne dor\u00e9e) et la confiance en soi (agate noire).<\/p>\n<p>&nbsp;<\/p>\n<p><em>Nous vous rappelons que la lithoth\u00e9rapie n\u2019est pas valid\u00e9e par la science et qu\u2019elle ne remplacera jamais l\u2019avis d\u2019un professionnel de la sant\u00e9.<\/em><\/p>\n","protected":false},"excerpt":{"rendered":"<p>Bracelet en pierres naturelle de Tourmaline noire, Obsidienne dor\u00e9e et Agate noire (perles de 6mm de diam\u00e8tre).<\/p>\n","protected":false},"featured_media":707,"comment_status":"closed","ping_status":"closed","template":"","meta":[],"product_brand":[],"product_cat":[40,43,54,51,39,58,57,37],"product_tag":[68,63,69,71,70,74,73,72],"class_list":{"0":"post-703","1":"product","2":"type-product","3":"status-publish","4":"has-post-thumbnail","6":"product_cat-bijoux","7":"product_cat-bracelets","8":"product_cat-terre","9":"product_cat-elements","10":"product_cat-pierres","11":"product_cat-pierres-protection","12":"product_cat-protection","13":"product_cat-purification","14":"product_tag-agate","15":"product_tag-energie","16":"product_tag-naturelle","17":"product_tag-obsidienne","18":"product_tag-pierres","19":"product_tag-protection","20":"product_tag-quietude","21":"product_tag-tourmaline","22":"it-has-gallery","24":"first","25":"instock","26":"shipping-taxable","27":"purchasable","28":"product-type-simple"},"jetpack_sharing_enabled":true,"_links":{"self":[{"href":"https:\/\/witchbubble.com\/index.php\/wp-json\/wp\/v2\/product\/703","targetHints":{"allow":["GET"]}}],"collection":[{"href":"https:\/\/witchbubble.com\/index.php\/wp-json\/wp\/v2\/product"}],"about":[{"href":"https:\/\/witchbubble.com\/index.php\/wp-json\/wp\/v2\/types\/product"}],"replies":[{"embeddable":true,"href":"https:\/\/witchbubble.com\/index.php\/wp-json\/wp\/v2\/comments?post=703"}],"wp:featuredmedia":[{"embeddable":true,"href":"https:\/\/witchbubble.com\/index.php\/wp-json\/wp\/v2\/media\/707"}],"wp:attachment":[{"href":"https:\/\/witchbubble.com\/index.php\/wp-json\/wp\/v2\/media?parent=703"}],"wp:term":[{"taxonomy":"product_brand","embeddable":true,"href":"https:\/\/witchbubble.com\/index.php\/wp-json\/wp\/v2\/product_brand?post=703"},{"taxonomy":"product_cat","embeddable":true,"href":"https:\/\/witchbubble.com\/index.php\/wp-json\/wp\/v2\/product_cat?post=703"},{"taxonomy":"product_tag","embeddable":true,"href":"https:\/\/witchbubble.com\/index.php\/wp-json\/wp\/v2\/product_tag?post=703"}],"curies":[{"name":"wp","href":"https:\/\/api.w.org\/{rel}","templated":true}]}}