{"id":670,"date":"2024-01-05T18:51:03","date_gmt":"2024-01-05T17:51:03","guid":{"rendered":"https:\/\/witchbubble.com\/?post_type=product&#038;p=670"},"modified":"2025-03-06T20:29:33","modified_gmt":"2025-03-06T19:29:33","slug":"fleur-de-vie-10cm-bois-de-peuplier","status":"publish","type":"product","link":"https:\/\/witchbubble.com\/index.php\/produit\/fleur-de-vie-10cm-bois-de-peuplier\/","title":{"rendered":"Fleur de vie 10cm (bois de peuplier)"},"content":{"rendered":"<p><strong>Fabrication artisanale en Belgique.<\/strong><\/p>\n<p>Superbe fleur de Vie en Bois, travaill\u00e9e \u00e0 la main mesurant 10cm de diam\u00e8tre.<\/p>\n<p>Cette \u00a0\u00bb Fleur de Vie\u00a0\u00bb peut \u00eatre utilis\u00e9 pour :<\/p>\n<ul>\n<li>Recharger tous vos min\u00e9raux, (Bracelets, pendentifs &#8230;) : il suffit de poser votre\/vos pierre(s) dessus pendant une nuit compl\u00e8te<\/li>\n<li>L&rsquo;harmonisation de l&rsquo;eau (il suffit d&rsquo;y placer le contenant telle que verre, carafe, tasse,&#8230;)<\/li>\n<li>L&rsquo;harmonisation de produits, des aliments (il suffit de placer les fruits ou autres produits d&rsquo;\u00e9picerie sur la fleur de vie)<\/li>\n<li>L&rsquo;harmonisation des lieux (pose murale ou d\u00e9coration de fen\u00eatre)<\/li>\n<\/ul>\n<p>Caract\u00e9ristiques :<\/p>\n<ul>\n<li>Composition : bois ctp de peuplier<\/li>\n<li>Dimensions : 10cm de diam\u00e8tre &#8211; 3 \u00e0 4mm d&rsquo;\u00e9paisseur<\/li>\n<\/ul>\n<h2>Comment utiliser la Fleur de vie ?<\/h2>\n<p>Vous posez une ou plusieurs pierres sur la fleur de vie.<br \/>\nLaissez agir une nuit enti\u00e8re : votre pierre sera alors recharg\u00e9e&#8230;<br \/>\nVous pouvez recharger plusieurs pierres en m\u00eame temps sur la fleur de vie.<br \/>\nLa fleur de vie n&rsquo;a absolument pas besoin d&rsquo;\u00eatre purifi\u00e9e et recharg\u00e9e : elle est pr\u00eate \u00e0 l&#8217;emploi!<\/p>\n<h2>A quelle fr\u00e9quence utiliser la Fleur de vie ?<\/h2>\n<p>Apr\u00e8s avoir purifi\u00e9 votre pierre sous la fum\u00e9e d\u00e9gag\u00e9e par l&rsquo;encens ou la sauge, il faudra utiliser la fleur de vie pour recharger votre\/vos pierre(s).<\/p>\n<p>Purification + rechargement = \u00e0 renouveler tous les 8 \u00e0 10 jours.<\/p>\n<p>Un rechargement par fleur de vie constitue une m\u00e9thode rapide et peu contraignante : vous n\u2019avez donc plus besoin de placer vos pierres au soleil ou sous la lune pour les recharger.<\/p>\n<h2>Qu&rsquo;est ce que la Fleur de vie ?<\/h2>\n<p>La fleur de vie est une forme g\u00e9om\u00e9trique form\u00e9e \u00e0 partir de cercles reli\u00e9s par le centre.<br \/>\nC\u2019est un motif consid\u00e9r\u00e9 comme sacr\u00e9, qui repr\u00e9sente l\u2019univers.<br \/>\nLes cercles qui la composent forment des motifs qui repr\u00e9sentent chacun une partie de l\u2019univers.<br \/>\nOn la retrouve dans la g\u00e9om\u00e9trie sacr\u00e9e, ainsi que sur de nombreuses reliques anciennes.<\/p>\n","protected":false},"excerpt":{"rendered":"<p>Fleur de vie en bois de peuplier (10cm de diam\u00e8tre)<\/p>\n<p>Id\u00e9al pour recharger rapidement en \u00e9nergie vos outils, pierres, talismans,&#8230;<\/p>\n","protected":false},"featured_media":671,"comment_status":"open","ping_status":"closed","template":"","meta":[],"product_brand":[],"product_cat":[67,34,54,51,36,37],"product_tag":[62,63,64,65,66],"class_list":{"0":"post-670","1":"product","2":"type-product","3":"status-publish","4":"has-post-thumbnail","6":"product_cat-bois","7":"product_cat-decoration","8":"product_cat-terre","9":"product_cat-elements","10":"product_cat-pour-la-maison","11":"product_cat-purification","12":"product_tag-bois","13":"product_tag-energie","14":"product_tag-fleur-de-vie","15":"product_tag-purification","16":"product_tag-recharge","17":"it-has-gallery","19":"first","20":"instock","21":"shipping-taxable","22":"purchasable","23":"product-type-simple"},"jetpack_sharing_enabled":true,"_links":{"self":[{"href":"https:\/\/witchbubble.com\/index.php\/wp-json\/wp\/v2\/product\/670","targetHints":{"allow":["GET"]}}],"collection":[{"href":"https:\/\/witchbubble.com\/index.php\/wp-json\/wp\/v2\/product"}],"about":[{"href":"https:\/\/witchbubble.com\/index.php\/wp-json\/wp\/v2\/types\/product"}],"replies":[{"embeddable":true,"href":"https:\/\/witchbubble.com\/index.php\/wp-json\/wp\/v2\/comments?post=670"}],"wp:featuredmedia":[{"embeddable":true,"href":"https:\/\/witchbubble.com\/index.php\/wp-json\/wp\/v2\/media\/671"}],"wp:attachment":[{"href":"https:\/\/witchbubble.com\/index.php\/wp-json\/wp\/v2\/media?parent=670"}],"wp:term":[{"taxonomy":"product_brand","embeddable":true,"href":"https:\/\/witchbubble.com\/index.php\/wp-json\/wp\/v2\/product_brand?post=670"},{"taxonomy":"product_cat","embeddable":true,"href":"https:\/\/witchbubble.com\/index.php\/wp-json\/wp\/v2\/product_cat?post=670"},{"taxonomy":"product_tag","embeddable":true,"href":"https:\/\/witchbubble.com\/index.php\/wp-json\/wp\/v2\/product_tag?post=670"}],"curies":[{"name":"wp","href":"https:\/\/api.w.org\/{rel}","templated":true}]}}